{"id":91,"date":"2024-01-03T13:17:44","date_gmt":"2024-01-03T12:17:44","guid":{"rendered":"https:\/\/nososas.fr\/?page_id=91"},"modified":"2024-01-03T13:30:25","modified_gmt":"2024-01-03T12:30:25","slug":"bienvenue-a-tous","status":"publish","type":"page","link":"https:\/\/nososas.fr\/","title":{"rendered":"Bienvenue \u00e0 tous"},"content":{"rendered":"\n<div class=\"wp-block-columns is-layout-flex wp-container-core-columns-layout-1 wp-block-columns-is-layout-flex\">\n<div class=\"wp-block-column is-vertically-aligned-center is-layout-flow wp-block-column-is-layout-flow\">\n<h2 class=\"wp-block-heading has-text-align-center\"><strong>G\u00e9n\u00e9alogie familiale<\/strong><\/h2>\n<\/div>\n\n\n\n<div class=\"wp-block-column is-layout-flow wp-block-column-is-layout-flow\">\n<figure class=\"wp-block-image size-full\"><img loading=\"lazy\" decoding=\"async\" width=\"400\" height=\"400\" src=\"http:\/\/nososas.fr\/wp-content\/uploads\/2023\/12\/Logo_dvd_400x400.jpg\" alt=\"\" class=\"wp-image-6\" srcset=\"https:\/\/nososas.fr\/wp-content\/uploads\/2023\/12\/Logo_dvd_400x400.jpg 400w, https:\/\/nososas.fr\/wp-content\/uploads\/2023\/12\/Logo_dvd_400x400-300x300.jpg 300w, https:\/\/nososas.fr\/wp-content\/uploads\/2023\/12\/Logo_dvd_400x400-150x150.jpg 150w\" sizes=\"(max-width: 400px) 100vw, 400px\" \/><\/figure>\n<\/div>\n<\/div>\n\n\n\n<h1 class=\"wp-block-heading\">Collectionneuse d\u2019anc\u00eatres<\/h1>\n\n\n\n<p>J\u2019ai entrepris un travail de recherches g\u00e9n\u00e9alogiques depuis de tr\u00e8s nombreuses ann\u00e9es.<br>Le virus m\u2019a atteint lors de vacances en Charente-Maritime au d\u00e9but des ann\u00e9es 1990. J\u2019\u00e9tais partie en vacances \u00e0 La Rochelle avec des amies. Le beau-p\u00e8re de l\u2019une d\u2019entre elles avait demand\u00e9 si nous pouvions passer aux archives d\u00e9partementales pour l\u2019aider dans ses recherches. A l\u2019\u00e9poque il n\u2019y avait ni internet ni d\u2019archives num\u00e9ris\u00e9es. Les mormons avaient tout de m\u00eame d\u00e9j\u00e0 microfilm\u00e9 la plupart des archives de l\u2019Etat-Civil et religieuses. Au cours de ces m\u00eames vacances nous avons pass\u00e9 une soir\u00e9e chez les parents d\u2019une connaissance et il nous a pr\u00e9sent\u00e9 ses travaux de g\u00e9n\u00e9alogie. Le virus m\u2019a atteint comme cela\u2026<br>J\u2019ai commenc\u00e9 par construire un canevas de ma famille \u00e0 partir des t\u00e9moignages des personnes \u00e2g\u00e9es de mes familles paternelle et maternelle.<br>Ensuite j\u2019ai commenc\u00e9 \u00e0 interroger les mairies en envoyant des courriers o\u00f9 je donnais le nom de la personne recherch\u00e9e, l\u2019\u00e9v\u00e8nement recherch\u00e9 et un intervalle de dates. Je joignais une enveloppe timbr\u00e9e pour la r\u00e9ponse. J\u2019envoyais ces demandes en d\u00e9but de semaine et je r\u00e9ceptionnais les retours durant la semaine (les mairies jouaient tr\u00e8s souvent le jeu). Le samedi, je d\u00e9pouillais les retours et \u00e0 partir des nouvelles informations collect\u00e9es je faisais de nouvelles demandes.<br>Je n\u2019utilisais pas de logiciel mais j\u2019avais r\u00e9cup\u00e9r\u00e9 des informations m\u00e9thodologiques gr\u00e2ce aux publications sp\u00e9cialis\u00e9es. Je g\u00e9rais une fiche par a\u00efeul et les n\u00b0SOSA.<br>La vie a fait que j\u2019ai altern\u00e9 des p\u00e9riodes d\u2019assiduit\u00e9 plus ou moins soutenues dans ce travail, mais il est toujours rest\u00e9 dans un coin de ma t\u00eate et j\u2019ai toujours gard\u00e9 pr\u00e8s de moi mes travaux.<br>Aujourd\u2019hui, une nouvelle aventure arrive : La mise en ligne !!!<\/p>\n","protected":false},"excerpt":{"rendered":"<p>G\u00e9n\u00e9alogie familiale Collectionneuse d\u2019anc\u00eatres J\u2019ai entrepris un travail de recherches g\u00e9n\u00e9alogiques depuis de tr\u00e8s nombreuses ann\u00e9es.Le virus m\u2019a atteint lors de vacances en Charente-Maritime au d\u00e9but des ann\u00e9es 1990. J\u2019\u00e9tais partie en vacances \u00e0 La Rochelle avec des amies. Le beau-p\u00e8re de l\u2019une d\u2019entre elles avait demand\u00e9 si nous pouvions passer aux archives d\u00e9partementales pour [&hellip;]<\/p>\n","protected":false},"author":1,"featured_media":0,"parent":0,"menu_order":0,"comment_status":"closed","ping_status":"closed","template":"","meta":{"footnotes":""},"yoast_head":"<!-- This site is optimized with the Yoast SEO plugin v21.7 - https:\/\/yoast.com\/wordpress\/plugins\/seo\/ -->\n<title>Bienvenue \u00e0 tous - Nos sosas<\/title>\n<meta name=\"robots\" content=\"index, follow, max-snippet:-1, max-image-preview:large, max-video-preview:-1\" \/>\n<link rel=\"canonical\" href=\"https:\/\/nososas.fr\/\" \/>\n<meta property=\"og:locale\" content=\"en_US\" \/>\n<meta property=\"og:type\" content=\"article\" \/>\n<meta property=\"og:title\" content=\"Bienvenue \u00e0 tous - Nos sosas\" \/>\n<meta property=\"og:description\" content=\"G\u00e9n\u00e9alogie familiale Collectionneuse d\u2019anc\u00eatres J\u2019ai entrepris un travail de recherches g\u00e9n\u00e9alogiques depuis de tr\u00e8s nombreuses ann\u00e9es.Le virus m\u2019a atteint lors de vacances en Charente-Maritime au d\u00e9but des ann\u00e9es 1990. J\u2019\u00e9tais partie en vacances \u00e0 La Rochelle avec des amies. Le beau-p\u00e8re de l\u2019une d\u2019entre elles avait demand\u00e9 si nous pouvions passer aux archives d\u00e9partementales pour [&hellip;]\" \/>\n<meta property=\"og:url\" content=\"https:\/\/nososas.fr\/\" \/>\n<meta property=\"og:site_name\" content=\"Nos sosas\" \/>\n<meta property=\"article:modified_time\" content=\"2024-01-03T12:30:25+00:00\" \/>\n<meta property=\"og:image\" content=\"http:\/\/nososas.fr\/wp-content\/uploads\/2023\/12\/Logo_dvd_400x400.jpg\" \/>\n<meta name=\"twitter:card\" content=\"summary_large_image\" \/>\n<meta name=\"twitter:label1\" content=\"Est. reading time\" \/>\n\t<meta name=\"twitter:data1\" content=\"2 minutes\" \/>\n<script type=\"application\/ld+json\" class=\"yoast-schema-graph\">{\"@context\":\"https:\/\/schema.org\",\"@graph\":[{\"@type\":\"WebPage\",\"@id\":\"https:\/\/nososas.fr\/\",\"url\":\"https:\/\/nososas.fr\/\",\"name\":\"Bienvenue \u00e0 tous - Nos sosas\",\"isPartOf\":{\"@id\":\"https:\/\/nososas.fr\/#website\"},\"datePublished\":\"2024-01-03T12:17:44+00:00\",\"dateModified\":\"2024-01-03T12:30:25+00:00\",\"breadcrumb\":{\"@id\":\"https:\/\/nososas.fr\/#breadcrumb\"},\"inLanguage\":\"en-US\",\"potentialAction\":[{\"@type\":\"ReadAction\",\"target\":[\"https:\/\/nososas.fr\/\"]}]},{\"@type\":\"BreadcrumbList\",\"@id\":\"https:\/\/nososas.fr\/#breadcrumb\",\"itemListElement\":[{\"@type\":\"ListItem\",\"position\":1,\"name\":\"Accueil\",\"item\":\"https:\/\/nososas.fr\/\"},{\"@type\":\"ListItem\",\"position\":2,\"name\":\"Bienvenue \u00e0 tous\"}]},{\"@type\":\"WebSite\",\"@id\":\"https:\/\/nososas.fr\/#website\",\"url\":\"https:\/\/nososas.fr\/\",\"name\":\"Nos sosas\",\"description\":\"Une promenade \u00e0 travers le temps et la France avec quelques escapades chez nos voisins\",\"publisher\":{\"@id\":\"https:\/\/nososas.fr\/#\/schema\/person\/20b1f14b5535804025cb6c658c5d05ed\"},\"potentialAction\":[{\"@type\":\"SearchAction\",\"target\":{\"@type\":\"EntryPoint\",\"urlTemplate\":\"https:\/\/nososas.fr\/?s={search_term_string}\"},\"query-input\":\"required name=search_term_string\"}],\"inLanguage\":\"en-US\"},{\"@type\":[\"Person\",\"Organization\"],\"@id\":\"https:\/\/nososas.fr\/#\/schema\/person\/20b1f14b5535804025cb6c658c5d05ed\",\"name\":\"Delphine\",\"image\":{\"@type\":\"ImageObject\",\"inLanguage\":\"en-US\",\"@id\":\"https:\/\/nososas.fr\/#\/schema\/person\/image\/\",\"url\":\"https:\/\/nososas.fr\/wp-content\/uploads\/2023\/12\/Logo_dvd_400x400.jpg\",\"contentUrl\":\"https:\/\/nososas.fr\/wp-content\/uploads\/2023\/12\/Logo_dvd_400x400.jpg\",\"width\":400,\"height\":400,\"caption\":\"Delphine\"},\"logo\":{\"@id\":\"https:\/\/nososas.fr\/#\/schema\/person\/image\/\"},\"sameAs\":[\"http:\/\/nososas.fr\"]}]}<\/script>\n<!-- \/ Yoast SEO plugin. -->","yoast_head_json":{"title":"Bienvenue \u00e0 tous - Nos sosas","robots":{"index":"index","follow":"follow","max-snippet":"max-snippet:-1","max-image-preview":"max-image-preview:large","max-video-preview":"max-video-preview:-1"},"canonical":"https:\/\/nososas.fr\/","og_locale":"en_US","og_type":"article","og_title":"Bienvenue \u00e0 tous - Nos sosas","og_description":"G\u00e9n\u00e9alogie familiale Collectionneuse d\u2019anc\u00eatres J\u2019ai entrepris un travail de recherches g\u00e9n\u00e9alogiques depuis de tr\u00e8s nombreuses ann\u00e9es.Le virus m\u2019a atteint lors de vacances en Charente-Maritime au d\u00e9but des ann\u00e9es 1990. J\u2019\u00e9tais partie en vacances \u00e0 La Rochelle avec des amies. Le beau-p\u00e8re de l\u2019une d\u2019entre elles avait demand\u00e9 si nous pouvions passer aux archives d\u00e9partementales pour [&hellip;]","og_url":"https:\/\/nososas.fr\/","og_site_name":"Nos sosas","article_modified_time":"2024-01-03T12:30:25+00:00","og_image":[{"url":"http:\/\/nososas.fr\/wp-content\/uploads\/2023\/12\/Logo_dvd_400x400.jpg"}],"twitter_card":"summary_large_image","twitter_misc":{"Est. reading time":"2 minutes"},"schema":{"@context":"https:\/\/schema.org","@graph":[{"@type":"WebPage","@id":"https:\/\/nososas.fr\/","url":"https:\/\/nososas.fr\/","name":"Bienvenue \u00e0 tous - Nos sosas","isPartOf":{"@id":"https:\/\/nososas.fr\/#website"},"datePublished":"2024-01-03T12:17:44+00:00","dateModified":"2024-01-03T12:30:25+00:00","breadcrumb":{"@id":"https:\/\/nososas.fr\/#breadcrumb"},"inLanguage":"en-US","potentialAction":[{"@type":"ReadAction","target":["https:\/\/nososas.fr\/"]}]},{"@type":"BreadcrumbList","@id":"https:\/\/nososas.fr\/#breadcrumb","itemListElement":[{"@type":"ListItem","position":1,"name":"Accueil","item":"https:\/\/nososas.fr\/"},{"@type":"ListItem","position":2,"name":"Bienvenue \u00e0 tous"}]},{"@type":"WebSite","@id":"https:\/\/nososas.fr\/#website","url":"https:\/\/nososas.fr\/","name":"Nos sosas","description":"Une promenade \u00e0 travers le temps et la France avec quelques escapades chez nos voisins","publisher":{"@id":"https:\/\/nososas.fr\/#\/schema\/person\/20b1f14b5535804025cb6c658c5d05ed"},"potentialAction":[{"@type":"SearchAction","target":{"@type":"EntryPoint","urlTemplate":"https:\/\/nososas.fr\/?s={search_term_string}"},"query-input":"required name=search_term_string"}],"inLanguage":"en-US"},{"@type":["Person","Organization"],"@id":"https:\/\/nososas.fr\/#\/schema\/person\/20b1f14b5535804025cb6c658c5d05ed","name":"Delphine","image":{"@type":"ImageObject","inLanguage":"en-US","@id":"https:\/\/nososas.fr\/#\/schema\/person\/image\/","url":"https:\/\/nososas.fr\/wp-content\/uploads\/2023\/12\/Logo_dvd_400x400.jpg","contentUrl":"https:\/\/nososas.fr\/wp-content\/uploads\/2023\/12\/Logo_dvd_400x400.jpg","width":400,"height":400,"caption":"Delphine"},"logo":{"@id":"https:\/\/nososas.fr\/#\/schema\/person\/image\/"},"sameAs":["http:\/\/nososas.fr"]}]}},"_links":{"self":[{"href":"https:\/\/nososas.fr\/index.php\/wp-json\/wp\/v2\/pages\/91"}],"collection":[{"href":"https:\/\/nososas.fr\/index.php\/wp-json\/wp\/v2\/pages"}],"about":[{"href":"https:\/\/nososas.fr\/index.php\/wp-json\/wp\/v2\/types\/page"}],"author":[{"embeddable":true,"href":"https:\/\/nososas.fr\/index.php\/wp-json\/wp\/v2\/users\/1"}],"replies":[{"embeddable":true,"href":"https:\/\/nososas.fr\/index.php\/wp-json\/wp\/v2\/comments?post=91"}],"version-history":[{"count":4,"href":"https:\/\/nososas.fr\/index.php\/wp-json\/wp\/v2\/pages\/91\/revisions"}],"predecessor-version":[{"id":97,"href":"https:\/\/nososas.fr\/index.php\/wp-json\/wp\/v2\/pages\/91\/revisions\/97"}],"wp:attachment":[{"href":"https:\/\/nososas.fr\/index.php\/wp-json\/wp\/v2\/media?parent=91"}],"curies":[{"name":"wp","href":"https:\/\/api.w.org\/{rel}","templated":true}]}}